{"id":28,"date":"2016-08-05T07:46:52","date_gmt":"2016-08-05T07:46:52","guid":{"rendered":"http:\/\/sw-themes.com\/porto_dummy\/?page_id=28"},"modified":"2025-04-08T23:19:01","modified_gmt":"2025-04-08T20:19:01","slug":"iletisim","status":"publish","type":"page","link":"https:\/\/www.asyacenazeisleri.com\/ar\/iletisim\/","title":{"rendered":"\u0130letisim"},"content":{"rendered":"<p>[\/vc_column_text][\/vc_column][\/vc_row][vc_row wrap_container=&#8221;yes&#8221; section_text_color=&#8221;light&#8221; is_section=&#8221;yes&#8221; section_color_scale=&#8221;scale-8&#8243; remove_margin_top=&#8221;yes&#8221; remove_margin_bottom=&#8221;yes&#8221; remove_border=&#8221;yes&#8221; show_divider=&#8221;yes&#8221; divider_pos=&#8221;bottom&#8221; show_divider_icon=&#8221;yes&#8221; divider_icon_skin=&#8221;primary&#8221; divider_icon_style=&#8221;style-4&#8243; divider_icon=&#8221;fa fa-chevron-down&#8221;][vc_column][vc_row_inner][vc_column_inner width=&#8221;1\/6&#8243;][\/vc_column_inner][vc_column_inner width=&#8221;2\/3&#8243;][vc_custom_heading text=&#8221;ASYA CENAZE \u0130\u015eLER\u0130&#8221; font_container=&#8221;tag:h1|text_align:center&#8221; use_theme_fonts=&#8221;yes&#8221; el_class=&#8221;text-uppercase&#8221;][vc_column_text el_class=&#8221;lead m-b-lg&#8221;]<\/p>\n<p style=\"text-align: center;\">25 y\u0131l\u0131n verdi\u011fi birikimin deneyim ile kederli g\u00fcn\u00fcn\u00fczde ;ac\u0131n\u0131z\u0131 payla\u015farak sayg\u0131n ve kaliteli hizmet i\u00e7in var\u0131z.<\/p>\n<p>[\/vc_column_text][\/vc_column_inner][vc_column_inner width=&#8221;1\/6&#8243;][\/vc_column_inner][\/vc_row_inner][vc_row_inner][vc_column_inner width=&#8221;1\/2&#8243;][vc_custom_heading text=&#8221;Merkez Ofis&#8221; font_container=&#8221;tag:h4|text_align:left&#8221; use_theme_fonts=&#8221;yes&#8221; el_class=&#8221;m-t-md&#8221;][vc_column_text]<\/p>\n<ul class=\"list list-icons m-t-lg\">\n<li style=\"list-style-type: none;\">\n<ul class=\"list list-icons m-t-lg\">\n<li><i class=\"fa fa-map-marker\"><\/i> <strong>Adres:<\/strong> \u0130n\u00f6n\u00fc Mahallesi Sazl\u0131dere Caddesi No:16 Dolapdere\/Taksim\/\u0130stanbul<\/li>\n<li><i class=\"fa fa-phone\"><\/i><strong>\u00a0Tel:<\/strong> <a href=\"tel:+90 (212) 224 26 06\">+90 (212) 224 26 06<\/a><\/li>\n<li><i class=\"fa fa-phone\"><\/i><strong>\u00a0Tr Gsm:<\/strong> <a href=\"tel:+90 (555) 501 42 73\">+90 (555) 501 42 73<\/a><\/li>\n<li><i class=\"fa fa-phone\"><\/i><strong>\u00a0English Gsm: <\/strong><a href=\"tel:+90 (532) 352 39 37\">+90 (532) 352 39 37<\/a><\/li>\n<li><i class=\"fa fa-phone\"><\/i><strong>\u00a0Russian Gsm: <\/strong><a href=\"tel:+90 (555) 802 30 07\">+90 (555) 802 30 07<\/a><\/li>\n<li><i class=\"fa fa-phone\"><\/i><strong>\u00a0Arabic Gsm: <\/strong><a href=\"tel:+90 (536) 265 30 32\">+90 (536) 265 30 32<\/a><\/li>\n<li><i class=\"fa fa-phone\"><\/i><strong>\u00a0Fax:<\/strong> <a href=\"tel:+90 (212) 231 26 83\">+90 (212) 231 26 83<\/a><\/li>\n<\/ul>\n<\/li>\n<\/ul>\n<ul class=\"list list-icons m-t-lg\">\n<li><i class=\"fa fa-envelope\"><\/i> <strong>Email:<\/strong> <a href=\"mailto:taksimcenaze@gmail.com\">taksimcenaze@gmail.com<\/a><\/li>\n<\/ul>\n<p>[\/vc_column_text][\/vc_column_inner][vc_column_inner width=&#8221;1\/2&#8243;][vc_gmaps link=&#8221;#E-8_JTNDaWZyYW1lJTIwc3JjJTNEJTIyaHR0cHMlM0ElMkYlMkZ3d3cuZ29vZ2xlLmNvbSUyRm1hcHMlMkZlbWJlZCUzRnBiJTNEJTIxMW0xOCUyMTFtMTIlMjExbTMlMjExZDMwMDkuMjE4ODk1MzIxMDg2NiUyMTJkMjguOTgwMTM3MDE1MDY5MzE0JTIxM2Q0MS4wNDIzNDE5NzkyOTczNiUyMTJtMyUyMTFmMCUyMTJmMCUyMTNmMCUyMTNtMiUyMTFpMTAyNCUyMTJpNzY4JTIxNGYxMy4xJTIxM20zJTIxMW0yJTIxMXMweDE0Y2FiNzZlZDE5NzlmOTElMjUzQTB4Nzg2NTdhNjYxYjMwYzhiYiUyMTJ6eExCdXc3WnV3N3dnVFdGb1lXeHNaWE5wTENCVFlYcHN4TEZrWlhKbElFTmtMaUJPYnpveE5pd2dNelF6TnpNZ3haNXB4WjlzYVNfRXNITjBZVzVpZFd3JTIxNWUwJTIxM20yJTIxMXN0ciUyMTJzdHIlMjE0djE1MDY3Njc5MjQ0MzUlMjIlMjB3aWR0aCUzRCUyMjYwMCUyMiUyMGhlaWdodCUzRCUyMjQ1MCUyMiUyMGZyYW1lYm9yZGVyJTNEJTIyMCUyMiUyMHN0eWxlJTNEJTIyYm9yZGVyJTNBMCUyMiUyMGFsbG93ZnVsbHNjcmVlbiUzRSUzQyUyRmlmcmFtZSUzRQ==&#8221;][\/vc_column_inner][\/vc_row_inner][vc_separator color=&#8221;custom&#8221; border_width=&#8221;3&#8243; type=&#8221;small&#8221; accent_color=&#8221;#89b837&#8243; el_class=&#8221;m-b-lg&#8221;][vc_custom_heading text=&#8221;Bize mesaj g\u00f6nderin.&#8221; font_container=&#8221;tag:h2|text_align:center&#8221; use_theme_fonts=&#8221;yes&#8221; el_class=&#8221;m-t m-b-none&#8221;][vc_column_text el_class=&#8221;lead&#8221;]<\/p>\n<p style=\"text-align: center;\">G\u00f6r\u00fc\u015flerinizi bize bildirin.<\/p>\n<p>[\/vc_column_text][\/vc_column][\/vc_row][vc_row wrap_container=&#8221;yes&#8221; is_section=&#8221;yes&#8221; section_skin=&#8221;parallax&#8221; remove_margin_top=&#8221;yes&#8221; remove_margin_bottom=&#8221;yes&#8221; remove_border=&#8221;yes&#8221;][vc_column][vc_custom_heading text=&#8221;\u0130leti\u015fim Bilgilerimiz&#8221; font_container=&#8221;tag:h2|text_align:center&#8221; google_fonts=&#8221;font_family:Roboto%20Condensed%3A300%2C300italic%2Cregular%2Citalic%2C700%2C700italic|font_style:400%20regular%3A400%3Anormal&#8221; css=&#8221;.vc_custom_1641411819857{margin-bottom: 3px !important;}&#8221;][\/vc_column][\/vc_row][vc_row][vc_column][vc_column_text]<\/p>\n<p><center>\n<div class=\"wpcf7 no-js\" id=\"wpcf7-f1400-o6\" lang=\"tr-TR\" dir=\"ltr\">\n<div class=\"screen-reader-response\"><p role=\"status\" aria-live=\"polite\" aria-atomic=\"true\"><\/p> <ul><\/ul><\/div>\n<form action=\"\/ar\/wp-json\/wp\/v2\/pages\/28#wpcf7-f1400-o6\" method=\"post\" class=\"wpcf7-form init\" aria-label=\"Contact form\" novalidate=\"novalidate\" data-status=\"init\">\n<div style=\"display: none;\">\n<input type=\"hidden\" name=\"_wpcf7\" value=\"1400\" \/>\n<input type=\"hidden\" name=\"_wpcf7_version\" value=\"5.8.2\" \/>\n<input type=\"hidden\" name=\"_wpcf7_locale\" value=\"tr_TR\" \/>\n<input type=\"hidden\" name=\"_wpcf7_unit_tag\" value=\"wpcf7-f1400-o6\" \/>\n<input type=\"hidden\" name=\"_wpcf7_container_post\" value=\"0\" \/>\n<input type=\"hidden\" name=\"_wpcf7_posted_data_hash\" value=\"\" \/>\n<\/div>\n<p><label> Ad\u0131n\u0131z<br \/>\n<span class=\"wpcf7-form-control-wrap\" data-name=\"your-name\"><input size=\"40\" class=\"wpcf7-form-control wpcf7-text wpcf7-validates-as-required\" aria-required=\"true\" aria-invalid=\"false\" value=\"\" type=\"text\" name=\"your-name\" \/><\/span> <\/label>\n<\/p>\n<p><label> E-posta adresiniz<br \/>\n<span class=\"wpcf7-form-control-wrap\" data-name=\"your-email\"><input size=\"40\" class=\"wpcf7-form-control wpcf7-email wpcf7-validates-as-required wpcf7-text wpcf7-validates-as-email\" aria-required=\"true\" aria-invalid=\"false\" value=\"\" type=\"email\" name=\"your-email\" \/><\/span> <\/label>\n<\/p>\n<p><label> Konu<br \/>\n<span class=\"wpcf7-form-control-wrap\" data-name=\"your-subject\"><input size=\"40\" class=\"wpcf7-form-control wpcf7-text wpcf7-validates-as-required\" aria-required=\"true\" aria-invalid=\"false\" value=\"\" type=\"text\" name=\"your-subject\" \/><\/span> <\/label>\n<\/p>\n<p><label> \u0130letiniz (tercihe ba\u011fl\u0131)<br \/>\n<span class=\"wpcf7-form-control-wrap\" data-name=\"your-message\"><textarea cols=\"40\" rows=\"10\" class=\"wpcf7-form-control wpcf7-textarea\" aria-invalid=\"false\" name=\"your-message\"><\/textarea><\/span> <\/label>\n<\/p>\n<p><input class=\"wpcf7-form-control wpcf7-submit has-spinner\" type=\"submit\" value=\"G\u00f6nder\" \/>\n<\/p><p style=\"display: none !important;\" class=\"akismet-fields-container\" data-prefix=\"_wpcf7_ak_\"><label>&#916;<textarea name=\"_wpcf7_ak_hp_textarea\" cols=\"45\" rows=\"8\" maxlength=\"100\"><\/textarea><\/label><input type=\"hidden\" id=\"ak_js_6\" name=\"_wpcf7_ak_js\" value=\"158\"\/><script>document.getElementById( \"ak_js_6\" ).setAttribute( \"value\", ( new Date() ).getTime() );<\/script><\/p><div class=\"wpcf7-response-output\" aria-hidden=\"true\"><\/div>\n<\/form>\n<\/div>\n<\/center>[\/vc_column_text][\/vc_column][\/vc_row][vc_row][vc_column][vc_column_text][\/vc_column_text][\/vc_column][\/vc_row][vc_row wrap_container=&#8221;yes&#8221; section_text_color=&#8221;light&#8221; is_section=&#8221;yes&#8221; section_color_scale=&#8221;scale-8&#8243; remove_margin_top=&#8221;yes&#8221; remove_margin_bottom=&#8221;yes&#8221; remove_border=&#8221;yes&#8221; show_divider=&#8221;yes&#8221; divider_pos=&#8221;bottom&#8221; show_divider_icon=&#8221;yes&#8221; divider_icon_skin=&#8221;primary&#8221; divider_icon_style=&#8221;style-4&#8243; divider_icon=&#8221;fa fa-chevron-down&#8221;][vc_column][vc_row_inner][vc_column_inner width=&#8221;1\/6&#8243;][\/vc_column_inner][vc_column_inner width=&#8221;2\/3&#8243;][vc_custom_heading text=&#8221;ASYA CENAZE \u0130\u015eLER\u0130&#8221; font_container=&#8221;tag:h1|text_align:center&#8221; use_theme_fonts=&#8221;yes&#8221; el_class=&#8221;text-uppercase&#8221;][vc_column_text el_class=&#8221;lead m-b-lg&#8221;]<\/p>\n<p style=\"text-align: center;\">25 y\u0131l\u0131n verdi\u011fi birikimin deneyim ile kederli g\u00fcn\u00fcn\u00fczde ;ac\u0131n\u0131z\u0131 payla\u015farak sayg\u0131n ve kaliteli hizmet i\u00e7in var\u0131z.<\/p>\n<p>[\/vc_column_text][\/vc_column_inner][vc_column_inner width=&#8221;1\/6&#8243;][\/vc_column_inner][\/vc_row_inner][vc_row_inner][vc_column_inner width=&#8221;1\/2&#8243;][vc_custom_heading text=&#8221;Merkez Ofis&#8221; font_container=&#8221;tag:h4|text_align:left&#8221; use_theme_fonts=&#8221;yes&#8221; el_class=&#8221;m-t-md&#8221;][vc_column_text]<\/p>\n<ul class=\"list list-icons m-t-lg\">\n<li style=\"list-style-type: none;\">\n<ul class=\"list list-icons m-t-lg\">\n<li><i class=\"fa fa-map-marker\"><\/i> <strong>Adres:<\/strong> \u0130n\u00f6n\u00fc Mahallesi Sazl\u0131dere Caddesi No:16 Dolapdere\/Taksim\/\u0130stanbul<\/li>\n<li><i class=\"fa fa-phone\"><\/i><strong>\u00a0Tel:<\/strong> <a href=\"tel:+90 (212) 224 26 06\">+90 (212) 224 26 06<\/a><\/li>\n<li><i class=\"fa fa-phone\"><\/i><strong>\u00a0Tr Gsm:<\/strong> <a href=\"tel:+90 (555) 501 42 73\">+90 (555) 501 42 73<\/a><\/li>\n<li><i class=\"fa fa-phone\"><\/i><strong>\u00a0English Gsm: <\/strong><a href=\"tel:+90 (532) 352 39 37\">+90 (532) 352 39 37<\/a><\/li>\n<li><i class=\"fa fa-phone\"><\/i><strong>\u00a0Russian Gsm: <\/strong><a href=\"tel:+90 (555) 802 30 07\">+90 (555) 802 30 07<\/a><\/li>\n<li><i class=\"fa fa-phone\"><\/i><strong>\u00a0Arabic Gsm: <\/strong><a href=\"tel:+90 (536) 265 30 32\">+90 (536) 265 30 32<\/a><\/li>\n<li><i class=\"fa fa-phone\"><\/i><strong>\u00a0Fax:<\/strong> <a href=\"tel:+90 (212) 231 26 83\">+90 (212) 231 26 83<\/a><\/li>\n<\/ul>\n<\/li>\n<\/ul>\n<ul class=\"list list-icons m-t-lg\">\n<li><i class=\"fa fa-envelope\"><\/i> <strong>Email:<\/strong> <a href=\"mailto:taksimcenaze@gmail.com\">taksimcenaze@gmail.com<\/a><\/li>\n<\/ul>\n<p>[\/vc_column_text][\/vc_column_inner][vc_column_inner width=&#8221;1\/2&#8243;][vc_gmaps link=&#8221;#E-8_JTNDaWZyYW1lJTIwc3JjJTNEJTIyaHR0cHMlM0ElMkYlMkZ3d3cuZ29vZ2xlLmNvbSUyRm1hcHMlMkZlbWJlZCUzRnBiJTNEJTIxMW0xOCUyMTFtMTIlMjExbTMlMjExZDMwMDkuMjE4ODk1MzIxMDg2NiUyMTJkMjguOTgwMTM3MDE1MDY5MzE0JTIxM2Q0MS4wNDIzNDE5NzkyOTczNiUyMTJtMyUyMTFmMCUyMTJmMCUyMTNmMCUyMTNtMiUyMTFpMTAyNCUyMTJpNzY4JTIxNGYxMy4xJTIxM20zJTIxMW0yJTIxMXMweDE0Y2FiNzZlZDE5NzlmOTElMjUzQTB4Nzg2NTdhNjYxYjMwYzhiYiUyMTJ6eExCdXc3WnV3N3dnVFdGb1lXeHNaWE5wTENCVFlYcHN4TEZrWlhKbElFTmtMaUJPYnpveE5pd2dNelF6TnpNZ3haNXB4WjlzYVNfRXNITjBZVzVpZFd3JTIxNWUwJTIxM20yJTIxMXN0ciUyMTJzdHIlMjE0djE1MDY3Njc5MjQ0MzUlMjIlMjB3aWR0aCUzRCUyMjYwMCUyMiUyMGhlaWdodCUzRCUyMjQ1MCUyMiUyMGZyYW1lYm9yZGVyJTNEJTIyMCUyMiUyMHN0eWxlJTNEJTIyYm9yZGVyJTNBMCUyMiUyMGFsbG93ZnVsbHNjcmVlbiUzRSUzQyUyRmlmcmFtZSUzRQ==&#8221;][\/vc_column_inner][\/vc_row_inner][vc_separator color=&#8221;custom&#8221; border_width=&#8221;3&#8243; type=&#8221;small&#8221; accent_color=&#8221;#89b837&#8243; el_class=&#8221;m-b-lg&#8221;][vc_custom_heading text=&#8221;Bize mesaj g\u00f6nderin.&#8221; font_container=&#8221;tag:h2|text_align:center&#8221; use_theme_fonts=&#8221;yes&#8221; el_class=&#8221;m-t m-b-none&#8221;][vc_column_text el_class=&#8221;lead&#8221;]<\/p>\n<p style=\"text-align: center;\">G\u00f6r\u00fc\u015flerinizi bize bildirin.<\/p>\n<p>[\/vc_column_text][\/vc_column][\/vc_row][vc_row wrap_container=&#8221;yes&#8221; is_section=&#8221;yes&#8221; section_skin=&#8221;parallax&#8221; remove_margin_top=&#8221;yes&#8221; remove_margin_bottom=&#8221;yes&#8221; remove_border=&#8221;yes&#8221;][vc_column][vc_custom_heading text=&#8221;\u0130leti\u015fim Bilgilerimiz&#8221; font_container=&#8221;tag:h2|text_align:center&#8221; google_fonts=&#8221;font_family:Roboto%20Condensed%3A300%2C300italic%2Cregular%2Citalic%2C700%2C700italic|font_style:400%20regular%3A400%3Anormal&#8221; css=&#8221;.vc_custom_1641411819857{margin-bottom: 3px !important;}&#8221;][\/vc_column][\/vc_row][vc_row][vc_column][vc_column_text]<\/p>\n<p><center>\n<div class=\"wpcf7 no-js\" id=\"wpcf7-f1400-o7\" lang=\"tr-TR\" dir=\"ltr\">\n<div class=\"screen-reader-response\"><p role=\"status\" aria-live=\"polite\" aria-atomic=\"true\"><\/p> <ul><\/ul><\/div>\n<form action=\"\/ar\/wp-json\/wp\/v2\/pages\/28#wpcf7-f1400-o7\" method=\"post\" class=\"wpcf7-form init\" aria-label=\"Contact form\" novalidate=\"novalidate\" data-status=\"init\">\n<div style=\"display: none;\">\n<input type=\"hidden\" name=\"_wpcf7\" value=\"1400\" \/>\n<input type=\"hidden\" name=\"_wpcf7_version\" value=\"5.8.2\" \/>\n<input type=\"hidden\" name=\"_wpcf7_locale\" value=\"tr_TR\" \/>\n<input type=\"hidden\" name=\"_wpcf7_unit_tag\" value=\"wpcf7-f1400-o7\" \/>\n<input type=\"hidden\" name=\"_wpcf7_container_post\" value=\"0\" \/>\n<input type=\"hidden\" name=\"_wpcf7_posted_data_hash\" value=\"\" \/>\n<\/div>\n<p><label> Ad\u0131n\u0131z<br \/>\n<span class=\"wpcf7-form-control-wrap\" data-name=\"your-name\"><input size=\"40\" class=\"wpcf7-form-control wpcf7-text wpcf7-validates-as-required\" aria-required=\"true\" aria-invalid=\"false\" value=\"\" type=\"text\" name=\"your-name\" \/><\/span> <\/label>\n<\/p>\n<p><label> E-posta adresiniz<br \/>\n<span class=\"wpcf7-form-control-wrap\" data-name=\"your-email\"><input size=\"40\" class=\"wpcf7-form-control wpcf7-email wpcf7-validates-as-required wpcf7-text wpcf7-validates-as-email\" aria-required=\"true\" aria-invalid=\"false\" value=\"\" type=\"email\" name=\"your-email\" \/><\/span> <\/label>\n<\/p>\n<p><label> Konu<br \/>\n<span class=\"wpcf7-form-control-wrap\" data-name=\"your-subject\"><input size=\"40\" class=\"wpcf7-form-control wpcf7-text wpcf7-validates-as-required\" aria-required=\"true\" aria-invalid=\"false\" value=\"\" type=\"text\" name=\"your-subject\" \/><\/span> <\/label>\n<\/p>\n<p><label> \u0130letiniz (tercihe ba\u011fl\u0131)<br \/>\n<span class=\"wpcf7-form-control-wrap\" data-name=\"your-message\"><textarea cols=\"40\" rows=\"10\" class=\"wpcf7-form-control wpcf7-textarea\" aria-invalid=\"false\" name=\"your-message\"><\/textarea><\/span> <\/label>\n<\/p>\n<p><input class=\"wpcf7-form-control wpcf7-submit has-spinner\" type=\"submit\" value=\"G\u00f6nder\" \/>\n<\/p><p style=\"display: none !important;\" class=\"akismet-fields-container\" data-prefix=\"_wpcf7_ak_\"><label>&#916;<textarea name=\"_wpcf7_ak_hp_textarea\" cols=\"45\" rows=\"8\" maxlength=\"100\"><\/textarea><\/label><input type=\"hidden\" id=\"ak_js_7\" name=\"_wpcf7_ak_js\" value=\"142\"\/><script>document.getElementById( \"ak_js_7\" ).setAttribute( \"value\", ( new Date() ).getTime() );<\/script><\/p><div class=\"wpcf7-response-output\" aria-hidden=\"true\"><\/div>\n<\/form>\n<\/div>\n<\/center>[\/vc_column_text][\/vc_column][\/vc_row]<\/p>","protected":false},"excerpt":{"rendered":"<p>[\/vc_column_text][\/vc_column][\/vc_row][vc_row wrap_container=&#8221;yes&#8221; section_text_color=&#8221;light&#8221; is_section=&#8221;yes&#8221; section_color_scale=&#8221;scale-8&#8243; remove_margin_top=&#8221;yes&#8221; remove_margin_bottom=&#8221;yes&#8221; remove_border=&#8221;yes&#8221; show_divider=&#8221;yes&#8221; divider_pos=&#8221;bottom&#8221; show_divider_icon=&#8221;yes&#8221; divider_icon_skin=&#8221;primary&#8221; divider_icon_style=&#8221;style-4&#8243; divider_icon=&#8221;fa fa-chevron-down&#8221;][vc_column][vc_row_inner][vc_column_inner width=&#8221;1\/6&#8243;][\/vc_column_inner][vc_column_inner width=&#8221;2\/3&#8243;][vc_custom_heading text=&#8221;ASYA CENAZE \u0130\u015eLER\u0130&#8221; font_container=&#8221;tag:h1|text_align:center&#8221; use_theme_fonts=&#8221;yes&#8221; el_class=&#8221;text-uppercase&#8221;][vc_column_text el_class=&#8221;lead m-b-lg&#8221;] 25 y\u0131l\u0131n verdi\u011fi birikimin deneyim ile kederli g\u00fcn\u00fcn\u00fczde ;ac\u0131n\u0131z\u0131 payla\u015farak sayg\u0131n ve kaliteli hizmet i\u00e7in<\/p>\n","protected":false},"author":1,"featured_media":0,"parent":0,"menu_order":0,"comment_status":"closed","ping_status":"closed","template":"","meta":{"footnotes":"","_joinchat":[]},"yoast_head":"<!-- This site is optimized with the Yoast SEO plugin v21.5 - https:\/\/yoast.com\/wordpress\/plugins\/seo\/ -->\n<title>\u0130letisim - Asya Cenaze \u0130\u015fleri<\/title>\n<meta name=\"description\" content=\"(Turkish) \u00d6zel Cenaze Cenaze hizmetleri Cenaze nakil Cenaze transferi Yurti\u00e7i Cenaze nakli Havayoluyla Cenaze Transferleri\" \/>\n<meta name=\"robots\" content=\"index, follow, max-snippet:-1, max-image-preview:large, max-video-preview:-1\" \/>\n<link rel=\"canonical\" href=\"https:\/\/www.asyacenazeisleri.com\/iletisim\/\" \/>\n<meta property=\"og:locale\" content=\"ar_AR\" \/>\n<meta property=\"og:type\" content=\"article\" \/>\n<meta property=\"og:title\" content=\"\u0130letisim - Asya Cenaze \u0130\u015fleri\" \/>\n<meta property=\"og:description\" content=\"{:tr}\u00d6zel Cenaze Cenaze hizmetleri Cenaze nakil Cenaze transferi Yurti\u00e7i Cenaze nakli Havayoluyla Cenaze Transferleri {:}\" \/>\n<meta property=\"og:url\" content=\"https:\/\/www.asyacenazeisleri.com\/iletisim\/\" \/>\n<meta property=\"og:site_name\" content=\"Asya Cenaze \u0130\u015fleri\" \/>\n<meta property=\"article:modified_time\" content=\"2025-04-08T20:19:01+00:00\" \/>\n<meta property=\"og:image\" content=\"https:\/\/www.asyacenazeisleri.com\/wp-content\/uploads\/2020\/09\/turkiye-bayrak-ikon.png\" \/>\n<meta name=\"twitter:card\" content=\"summary_large_image\" \/>\n<meta name=\"twitter:label1\" content=\"\u0648\u0642\u062a \u0627\u0644\u0642\u0631\u0627\u0621\u0629 \u0627\u0644\u0645\u064f\u0642\u062f\u0651\u0631\" \/>\n\t<meta name=\"twitter:data1\" content=\"\u062f\u0642\u064a\u0642\u0629 \u0648\u0627\u062d\u062f\u0629\" \/>\n<script type=\"application\/ld+json\" class=\"yoast-schema-graph\">{\"@context\":\"https:\/\/schema.org\",\"@graph\":[{\"@type\":\"WebPage\",\"@id\":\"https:\/\/www.asyacenazeisleri.com\/iletisim\/\",\"url\":\"https:\/\/www.asyacenazeisleri.com\/iletisim\/\",\"name\":\"\u0130letisim - Asya Cenaze \u0130\u015fleri\",\"isPartOf\":{\"@id\":\"https:\/\/www.asyacenazeisleri.com\/#website\"},\"datePublished\":\"2016-08-05T07:46:52+00:00\",\"dateModified\":\"2025-04-08T20:19:01+00:00\",\"description\":\"{:tr}\u00d6zel Cenaze Cenaze hizmetleri Cenaze nakil Cenaze transferi Yurti\u00e7i Cenaze nakli Havayoluyla Cenaze Transferleri {:}\",\"breadcrumb\":{\"@id\":\"https:\/\/www.asyacenazeisleri.com\/iletisim\/#breadcrumb\"},\"inLanguage\":\"ar\",\"potentialAction\":[{\"@type\":\"ReadAction\",\"target\":[\"https:\/\/www.asyacenazeisleri.com\/iletisim\/\"]}]},{\"@type\":\"BreadcrumbList\",\"@id\":\"https:\/\/www.asyacenazeisleri.com\/iletisim\/#breadcrumb\",\"itemListElement\":[{\"@type\":\"ListItem\",\"position\":1,\"name\":\"Anasayfa\",\"item\":\"https:\/\/www.asyacenazeisleri.com\/\"},{\"@type\":\"ListItem\",\"position\":2,\"name\":\"\u0130letisim\"}]},{\"@type\":\"WebSite\",\"@id\":\"https:\/\/www.asyacenazeisleri.com\/#website\",\"url\":\"https:\/\/www.asyacenazeisleri.com\/\",\"name\":\"Asya Cenaze \u0130\u015fleri\",\"description\":\"\",\"publisher\":{\"@id\":\"https:\/\/www.asyacenazeisleri.com\/#organization\"},\"potentialAction\":[{\"@type\":\"SearchAction\",\"target\":{\"@type\":\"EntryPoint\",\"urlTemplate\":\"https:\/\/www.asyacenazeisleri.com\/?s={search_term_string}\"},\"query-input\":\"required name=search_term_string\"}],\"inLanguage\":\"ar\"},{\"@type\":\"Organization\",\"@id\":\"https:\/\/www.asyacenazeisleri.com\/#organization\",\"name\":\"Asya Cenaze \u0130\u015fleri\",\"url\":\"https:\/\/www.asyacenazeisleri.com\/\",\"logo\":{\"@type\":\"ImageObject\",\"inLanguage\":\"ar\",\"@id\":\"https:\/\/www.asyacenazeisleri.com\/#\/schema\/logo\/image\/\",\"url\":\"https:\/\/www.asyacenazeisleri.com\/wp-content\/uploads\/2022\/01\/Asya-Cenaze-Isleri-Logo-1.png\",\"contentUrl\":\"https:\/\/www.asyacenazeisleri.com\/wp-content\/uploads\/2022\/01\/Asya-Cenaze-Isleri-Logo-1.png\",\"width\":250,\"height\":117,\"caption\":\"Asya Cenaze \u0130\u015fleri\"},\"image\":{\"@id\":\"https:\/\/www.asyacenazeisleri.com\/#\/schema\/logo\/image\/\"}}]}<\/script>\n<!-- \/ Yoast SEO plugin. -->","yoast_head_json":{"title":"\u0130letisim - Asya Cenaze \u0130\u015fleri","description":"(Turkish) \u00d6zel Cenaze Cenaze hizmetleri Cenaze nakil Cenaze transferi Yurti\u00e7i Cenaze nakli Havayoluyla Cenaze Transferleri","robots":{"index":"index","follow":"follow","max-snippet":"max-snippet:-1","max-image-preview":"max-image-preview:large","max-video-preview":"max-video-preview:-1"},"canonical":"https:\/\/www.asyacenazeisleri.com\/iletisim\/","og_locale":"ar_AR","og_type":"article","og_title":"\u0130letisim - Asya Cenaze \u0130\u015fleri","og_description":"{:tr}\u00d6zel Cenaze Cenaze hizmetleri Cenaze nakil Cenaze transferi Yurti\u00e7i Cenaze nakli Havayoluyla Cenaze Transferleri {:}","og_url":"https:\/\/www.asyacenazeisleri.com\/iletisim\/","og_site_name":"Asya Cenaze \u0130\u015fleri","article_modified_time":"2025-04-08T20:19:01+00:00","og_image":[{"url":"https:\/\/www.asyacenazeisleri.com\/wp-content\/uploads\/2020\/09\/turkiye-bayrak-ikon.png"}],"twitter_card":"summary_large_image","twitter_misc":{"\u0648\u0642\u062a \u0627\u0644\u0642\u0631\u0627\u0621\u0629 \u0627\u0644\u0645\u064f\u0642\u062f\u0651\u0631":"\u062f\u0642\u064a\u0642\u0629 \u0648\u0627\u062d\u062f\u0629"},"schema":{"@context":"https:\/\/schema.org","@graph":[{"@type":"WebPage","@id":"https:\/\/www.asyacenazeisleri.com\/iletisim\/","url":"https:\/\/www.asyacenazeisleri.com\/iletisim\/","name":"\u0130letisim - Asya Cenaze \u0130\u015fleri","isPartOf":{"@id":"https:\/\/www.asyacenazeisleri.com\/#website"},"datePublished":"2016-08-05T07:46:52+00:00","dateModified":"2025-04-08T20:19:01+00:00","description":"{:tr}\u00d6zel Cenaze Cenaze hizmetleri Cenaze nakil Cenaze transferi Yurti\u00e7i Cenaze nakli Havayoluyla Cenaze Transferleri {:}","breadcrumb":{"@id":"https:\/\/www.asyacenazeisleri.com\/iletisim\/#breadcrumb"},"inLanguage":"ar","potentialAction":[{"@type":"ReadAction","target":["https:\/\/www.asyacenazeisleri.com\/iletisim\/"]}]},{"@type":"BreadcrumbList","@id":"https:\/\/www.asyacenazeisleri.com\/iletisim\/#breadcrumb","itemListElement":[{"@type":"ListItem","position":1,"name":"Anasayfa","item":"https:\/\/www.asyacenazeisleri.com\/"},{"@type":"ListItem","position":2,"name":"\u0130letisim"}]},{"@type":"WebSite","@id":"https:\/\/www.asyacenazeisleri.com\/#website","url":"https:\/\/www.asyacenazeisleri.com\/","name":"Asya Cenaze \u0130\u015fleri","description":"","publisher":{"@id":"https:\/\/www.asyacenazeisleri.com\/#organization"},"potentialAction":[{"@type":"SearchAction","target":{"@type":"EntryPoint","urlTemplate":"https:\/\/www.asyacenazeisleri.com\/?s={search_term_string}"},"query-input":"required name=search_term_string"}],"inLanguage":"ar"},{"@type":"Organization","@id":"https:\/\/www.asyacenazeisleri.com\/#organization","name":"Asya Cenaze \u0130\u015fleri","url":"https:\/\/www.asyacenazeisleri.com\/","logo":{"@type":"ImageObject","inLanguage":"ar","@id":"https:\/\/www.asyacenazeisleri.com\/#\/schema\/logo\/image\/","url":"https:\/\/www.asyacenazeisleri.com\/wp-content\/uploads\/2022\/01\/Asya-Cenaze-Isleri-Logo-1.png","contentUrl":"https:\/\/www.asyacenazeisleri.com\/wp-content\/uploads\/2022\/01\/Asya-Cenaze-Isleri-Logo-1.png","width":250,"height":117,"caption":"Asya Cenaze \u0130\u015fleri"},"image":{"@id":"https:\/\/www.asyacenazeisleri.com\/#\/schema\/logo\/image\/"}}]}},"_links":{"self":[{"href":"https:\/\/www.asyacenazeisleri.com\/ar\/wp-json\/wp\/v2\/pages\/28"}],"collection":[{"href":"https:\/\/www.asyacenazeisleri.com\/ar\/wp-json\/wp\/v2\/pages"}],"about":[{"href":"https:\/\/www.asyacenazeisleri.com\/ar\/wp-json\/wp\/v2\/types\/page"}],"author":[{"embeddable":true,"href":"https:\/\/www.asyacenazeisleri.com\/ar\/wp-json\/wp\/v2\/users\/1"}],"replies":[{"embeddable":true,"href":"https:\/\/www.asyacenazeisleri.com\/ar\/wp-json\/wp\/v2\/comments?post=28"}],"version-history":[{"count":36,"href":"https:\/\/www.asyacenazeisleri.com\/ar\/wp-json\/wp\/v2\/pages\/28\/revisions"}],"predecessor-version":[{"id":1697,"href":"https:\/\/www.asyacenazeisleri.com\/ar\/wp-json\/wp\/v2\/pages\/28\/revisions\/1697"}],"wp:attachment":[{"href":"https:\/\/www.asyacenazeisleri.com\/ar\/wp-json\/wp\/v2\/media?parent=28"}],"curies":[{"name":"wp","href":"https:\/\/api.w.org\/{rel}","templated":true}]}}