{"id":684,"date":"2017-09-30T06:30:59","date_gmt":"2017-09-30T06:30:59","guid":{"rendered":"http:\/\/taksimcenazeisleri.com\/?page_id=684"},"modified":"2022-01-13T21:40:07","modified_gmt":"2022-01-13T18:40:07","slug":"kurumsal","status":"publish","type":"page","link":"https:\/\/www.asyacenazeisleri.com\/ar\/kurumsal\/","title":{"rendered":"KURUMSAL"},"content":{"rendered":"<p>[vc_row][vc_column][\/vc_column][\/vc_row][vc_row][vc_column][vc_column_text]<\/p>\n<p style=\"text-align: left;\"><a href=\"https:\/\/www.asyacenazeisleri.com\/wp-content\/uploads\/2020\/03\/firma.jpeg\" rel=\"lightbox-0\" data-rel=\"lightbox-image-6\" data-rl_title=\"\" data-rl_caption=\"\" title=\"\"><img loading=\"lazy\" decoding=\"async\" class=\"alignleft wp-image-1180\" src=\"https:\/\/www.asyacenazeisleri.com\/wp-content\/uploads\/2020\/03\/firma-300x225.jpeg\" alt=\"\" width=\"250\" height=\"188\" \/><\/a>Asya Uluslararas\u0131 Cenaze Hizmetleri \u0130stanbul Taksim de hizmet veren ve d\u00fcnyan\u0131n her k\u00f6\u015fesine cenazeler g\u00f6nderen ve cenazeler kar\u015f\u0131layan konusunda uzman bir firmay\u0131z.Her dine uygun,dini kurallara g\u00f6re,tam donan\u0131ml\u0131 so\u011fuk haval\u0131 ara\u00e7lar\u0131m\u0131z ve konusunda uzman personelimiz ile 7 g\u00fcn 24 saat kaliteli ve d\u00fcnya standartlar\u0131nda cenaze ekipmanlar\u0131 ile hizmet vermekteyiz. Asya Uluslararas\u0131 Cenaze Hizmetleri kendi sekt\u00f6r\u00fcnde g\u00fcven kazanm\u0131\u015f ve \u00f6nemli bir portf\u00f6ye sahip bir \u00e7ok sigorta \u015firketi ile, \u00fclkemizde bulunan B\u00fcy\u00fckel\u00e7ilik ve Konsolosluklara hizmet vermektedir.<\/p>\n<p>&nbsp;<\/p>\n<p>&nbsp;<\/p>\n<div id='gallery-4' class='gallery galleryid-684 gallery-columns-3 gallery-size-medium'><figure class='gallery-item'>\n\t\t\t<div class='gallery-icon portrait'>\n\t\t\t\t<a href='https:\/\/www.asyacenazeisleri.com\/wp-content\/uploads\/2020\/03\/IMG-20191128-WA0008.jpg' rel=\"lightbox[gallery-0]\" title=\"\" data-rl_title=\"\" class=\"rl-gallery-link\" data-rl_caption=\"\" data-rel=\"lightbox-gallery-4\"><img loading=\"lazy\" decoding=\"async\" width=\"225\" height=\"300\" src=\"https:\/\/www.asyacenazeisleri.com\/wp-content\/uploads\/2020\/03\/IMG-20191128-WA0008-225x300.jpg\" class=\"attachment-medium size-medium\" alt=\"\" srcset=\"https:\/\/www.asyacenazeisleri.com\/wp-content\/uploads\/2020\/03\/IMG-20191128-WA0008-225x300.jpg 225w, https:\/\/www.asyacenazeisleri.com\/wp-content\/uploads\/2020\/03\/IMG-20191128-WA0008-768x1024.jpg 768w, https:\/\/www.asyacenazeisleri.com\/wp-content\/uploads\/2020\/03\/IMG-20191128-WA0008-1152x1536.jpg 1152w, https:\/\/www.asyacenazeisleri.com\/wp-content\/uploads\/2020\/03\/IMG-20191128-WA0008-600x800.jpg 600w, https:\/\/www.asyacenazeisleri.com\/wp-content\/uploads\/2020\/03\/IMG-20191128-WA0008.jpg 1200w\" sizes=\"(max-width: 225px) 100vw, 225px\" \/><\/a>\n\t\t\t<\/div><\/figure><figure class='gallery-item'>\n\t\t\t<div class='gallery-icon landscape'>\n\t\t\t\t<a href='https:\/\/www.asyacenazeisleri.com\/wp-content\/uploads\/2020\/03\/IMG-20191128-WA0007.jpg' rel=\"lightbox[gallery-0]\" title=\"\" data-rl_title=\"\" class=\"rl-gallery-link\" data-rl_caption=\"\" data-rel=\"lightbox-gallery-4\"><img loading=\"lazy\" decoding=\"async\" width=\"300\" height=\"225\" src=\"https:\/\/www.asyacenazeisleri.com\/wp-content\/uploads\/2020\/03\/IMG-20191128-WA0007-300x225.jpg\" class=\"attachment-medium size-medium\" alt=\"\" srcset=\"https:\/\/www.asyacenazeisleri.com\/wp-content\/uploads\/2020\/03\/IMG-20191128-WA0007-300x225.jpg 300w, https:\/\/www.asyacenazeisleri.com\/wp-content\/uploads\/2020\/03\/IMG-20191128-WA0007-1024x768.jpg 1024w, https:\/\/www.asyacenazeisleri.com\/wp-content\/uploads\/2020\/03\/IMG-20191128-WA0007-768x576.jpg 768w, https:\/\/www.asyacenazeisleri.com\/wp-content\/uploads\/2020\/03\/IMG-20191128-WA0007-1536x1152.jpg 1536w, https:\/\/www.asyacenazeisleri.com\/wp-content\/uploads\/2020\/03\/IMG-20191128-WA0007-600x450.jpg 600w, https:\/\/www.asyacenazeisleri.com\/wp-content\/uploads\/2020\/03\/IMG-20191128-WA0007.jpg 1600w\" sizes=\"(max-width: 300px) 100vw, 300px\" \/><\/a>\n\t\t\t<\/div><\/figure><figure class='gallery-item'>\n\t\t\t<div class='gallery-icon portrait'>\n\t\t\t\t<a href='https:\/\/www.asyacenazeisleri.com\/wp-content\/uploads\/2020\/03\/IMG-20191128-WA0006.jpg' rel=\"lightbox[gallery-0]\" title=\"\" data-rl_title=\"\" class=\"rl-gallery-link\" data-rl_caption=\"\" data-rel=\"lightbox-gallery-4\"><img loading=\"lazy\" decoding=\"async\" width=\"225\" height=\"300\" src=\"https:\/\/www.asyacenazeisleri.com\/wp-content\/uploads\/2020\/03\/IMG-20191128-WA0006-225x300.jpg\" class=\"attachment-medium size-medium\" alt=\"\" srcset=\"https:\/\/www.asyacenazeisleri.com\/wp-content\/uploads\/2020\/03\/IMG-20191128-WA0006-225x300.jpg 225w, https:\/\/www.asyacenazeisleri.com\/wp-content\/uploads\/2020\/03\/IMG-20191128-WA0006-768x1024.jpg 768w, https:\/\/www.asyacenazeisleri.com\/wp-content\/uploads\/2020\/03\/IMG-20191128-WA0006-1152x1536.jpg 1152w, https:\/\/www.asyacenazeisleri.com\/wp-content\/uploads\/2020\/03\/IMG-20191128-WA0006-600x800.jpg 600w, https:\/\/www.asyacenazeisleri.com\/wp-content\/uploads\/2020\/03\/IMG-20191128-WA0006.jpg 1200w\" sizes=\"(max-width: 225px) 100vw, 225px\" \/><\/a>\n\t\t\t<\/div><\/figure><figure class='gallery-item'>\n\t\t\t<div class='gallery-icon portrait'>\n\t\t\t\t<a href='https:\/\/www.asyacenazeisleri.com\/wp-content\/uploads\/2020\/03\/IMG-20191128-WA0005.jpg' rel=\"lightbox[gallery-0]\" title=\"\" data-rl_title=\"\" class=\"rl-gallery-link\" data-rl_caption=\"\" data-rel=\"lightbox-gallery-4\"><img loading=\"lazy\" decoding=\"async\" width=\"225\" height=\"300\" src=\"https:\/\/www.asyacenazeisleri.com\/wp-content\/uploads\/2020\/03\/IMG-20191128-WA0005-225x300.jpg\" class=\"attachment-medium size-medium\" alt=\"\" srcset=\"https:\/\/www.asyacenazeisleri.com\/wp-content\/uploads\/2020\/03\/IMG-20191128-WA0005-225x300.jpg 225w, https:\/\/www.asyacenazeisleri.com\/wp-content\/uploads\/2020\/03\/IMG-20191128-WA0005-768x1024.jpg 768w, https:\/\/www.asyacenazeisleri.com\/wp-content\/uploads\/2020\/03\/IMG-20191128-WA0005-1152x1536.jpg 1152w, https:\/\/www.asyacenazeisleri.com\/wp-content\/uploads\/2020\/03\/IMG-20191128-WA0005-600x800.jpg 600w, https:\/\/www.asyacenazeisleri.com\/wp-content\/uploads\/2020\/03\/IMG-20191128-WA0005.jpg 1200w\" sizes=\"(max-width: 225px) 100vw, 225px\" \/><\/a>\n\t\t\t<\/div><\/figure><figure class='gallery-item'>\n\t\t\t<div class='gallery-icon portrait'>\n\t\t\t\t<a href='https:\/\/www.asyacenazeisleri.com\/wp-content\/uploads\/2020\/03\/IMG-20191128-WA0004.jpg' rel=\"lightbox[gallery-0]\" title=\"\" data-rl_title=\"\" class=\"rl-gallery-link\" data-rl_caption=\"\" data-rel=\"lightbox-gallery-4\"><img loading=\"lazy\" decoding=\"async\" width=\"225\" height=\"300\" src=\"https:\/\/www.asyacenazeisleri.com\/wp-content\/uploads\/2020\/03\/IMG-20191128-WA0004-225x300.jpg\" class=\"attachment-medium size-medium\" alt=\"\" srcset=\"https:\/\/www.asyacenazeisleri.com\/wp-content\/uploads\/2020\/03\/IMG-20191128-WA0004-225x300.jpg 225w, https:\/\/www.asyacenazeisleri.com\/wp-content\/uploads\/2020\/03\/IMG-20191128-WA0004-768x1024.jpg 768w, https:\/\/www.asyacenazeisleri.com\/wp-content\/uploads\/2020\/03\/IMG-20191128-WA0004-1152x1536.jpg 1152w, https:\/\/www.asyacenazeisleri.com\/wp-content\/uploads\/2020\/03\/IMG-20191128-WA0004-600x800.jpg 600w, https:\/\/www.asyacenazeisleri.com\/wp-content\/uploads\/2020\/03\/IMG-20191128-WA0004.jpg 1200w\" sizes=\"(max-width: 225px) 100vw, 225px\" \/><\/a>\n\t\t\t<\/div><\/figure><figure class='gallery-item'>\n\t\t\t<div class='gallery-icon landscape'>\n\t\t\t\t<a href='https:\/\/www.asyacenazeisleri.com\/wp-content\/uploads\/2020\/03\/IMG-20191128-WA0003.jpg' rel=\"lightbox[gallery-0]\" title=\"\" data-rl_title=\"\" class=\"rl-gallery-link\" data-rl_caption=\"\" data-rel=\"lightbox-gallery-4\"><img loading=\"lazy\" decoding=\"async\" width=\"300\" height=\"169\" src=\"https:\/\/www.asyacenazeisleri.com\/wp-content\/uploads\/2020\/03\/IMG-20191128-WA0003-300x169.jpg\" class=\"attachment-medium size-medium\" alt=\"\" srcset=\"https:\/\/www.asyacenazeisleri.com\/wp-content\/uploads\/2020\/03\/IMG-20191128-WA0003-300x169.jpg 300w, https:\/\/www.asyacenazeisleri.com\/wp-content\/uploads\/2020\/03\/IMG-20191128-WA0003-768x432.jpg 768w, https:\/\/www.asyacenazeisleri.com\/wp-content\/uploads\/2020\/03\/IMG-20191128-WA0003-600x338.jpg 600w, https:\/\/www.asyacenazeisleri.com\/wp-content\/uploads\/2020\/03\/IMG-20191128-WA0003.jpg 1024w\" sizes=\"(max-width: 300px) 100vw, 300px\" \/><\/a>\n\t\t\t<\/div><\/figure>\n\t\t<\/div>\n\n<p>[\/vc_column_text][\/vc_column][\/vc_row][vc_row][vc_column][vc_column_text]<\/p>\n<p>[\/vc_column_text][\/vc_column][\/vc_row][vc_row][vc_column][\/vc_column][\/vc_row][vc_row][vc_column][vc_column_text]<\/p>\n<p>[\/vc_column_text][\/vc_column][\/vc_row]<\/p>","protected":false},"excerpt":{"rendered":"<p>[vc_row][vc_column][\/vc_column][\/vc_row][vc_row][vc_column][vc_column_text] Asya Uluslararas\u0131 Cenaze Hizmetleri \u0130stanbul Taksim de hizmet veren ve d\u00fcnyan\u0131n her k\u00f6\u015fesine cenazeler g\u00f6nderen ve cenazeler kar\u015f\u0131layan konusunda uzman bir firmay\u0131z.Her dine uygun,dini kurallara g\u00f6re,tam donan\u0131ml\u0131 so\u011fuk haval\u0131 ara\u00e7lar\u0131m\u0131z ve konusunda uzman personelimiz ile 7 g\u00fcn 24 saat<\/p>\n","protected":false},"author":1,"featured_media":0,"parent":0,"menu_order":0,"comment_status":"closed","ping_status":"closed","template":"","meta":{"footnotes":"","_joinchat":[]},"yoast_head":"<!-- This site is optimized with the Yoast SEO plugin v21.5 - https:\/\/yoast.com\/wordpress\/plugins\/seo\/ -->\n<title>KURUMSAL - Asya Cenaze \u0130\u015fleri<\/title>\n<meta name=\"robots\" content=\"index, follow, max-snippet:-1, max-image-preview:large, max-video-preview:-1\" \/>\n<link rel=\"canonical\" href=\"https:\/\/www.asyacenazeisleri.com\/kurumsal\/\" \/>\n<meta property=\"og:locale\" content=\"ar_AR\" \/>\n<meta property=\"og:type\" content=\"article\" \/>\n<meta property=\"og:title\" content=\"KURUMSAL - Asya Cenaze \u0130\u015fleri\" \/>\n<meta property=\"og:description\" content=\"[vc_row][vc_column][\/vc_column][\/vc_row][vc_row][vc_column][vc_column_text] Asya Uluslararas\u0131 Cenaze Hizmetleri \u0130stanbul Taksim de hizmet veren ve d\u00fcnyan\u0131n her k\u00f6\u015fesine cenazeler g\u00f6nderen ve cenazeler kar\u015f\u0131layan konusunda uzman bir firmay\u0131z.Her dine uygun,dini kurallara g\u00f6re,tam donan\u0131ml\u0131 so\u011fuk haval\u0131 ara\u00e7lar\u0131m\u0131z ve konusunda uzman personelimiz ile 7 g\u00fcn 24 saat\" \/>\n<meta property=\"og:url\" content=\"https:\/\/www.asyacenazeisleri.com\/kurumsal\/\" \/>\n<meta property=\"og:site_name\" content=\"Asya Cenaze \u0130\u015fleri\" \/>\n<meta property=\"article:modified_time\" content=\"2022-01-13T18:40:07+00:00\" \/>\n<meta property=\"og:image\" content=\"https:\/\/www.asyacenazeisleri.com\/wp-content\/uploads\/2020\/03\/IMG-20191128-WA0008-225x300.jpg\" \/>\n<meta name=\"twitter:card\" content=\"summary_large_image\" \/>\n<meta name=\"twitter:label1\" content=\"\u0648\u0642\u062a \u0627\u0644\u0642\u0631\u0627\u0621\u0629 \u0627\u0644\u0645\u064f\u0642\u062f\u0651\u0631\" \/>\n\t<meta name=\"twitter:data1\" content=\"\u062f\u0642\u064a\u0642\u0629 \u0648\u0627\u062d\u062f\u0629\" \/>\n<script type=\"application\/ld+json\" class=\"yoast-schema-graph\">{\"@context\":\"https:\/\/schema.org\",\"@graph\":[{\"@type\":\"WebPage\",\"@id\":\"https:\/\/www.asyacenazeisleri.com\/kurumsal\/\",\"url\":\"https:\/\/www.asyacenazeisleri.com\/kurumsal\/\",\"name\":\"KURUMSAL - Asya Cenaze \u0130\u015fleri\",\"isPartOf\":{\"@id\":\"https:\/\/www.asyacenazeisleri.com\/#website\"},\"datePublished\":\"2017-09-30T06:30:59+00:00\",\"dateModified\":\"2022-01-13T18:40:07+00:00\",\"breadcrumb\":{\"@id\":\"https:\/\/www.asyacenazeisleri.com\/kurumsal\/#breadcrumb\"},\"inLanguage\":\"ar\",\"potentialAction\":[{\"@type\":\"ReadAction\",\"target\":[\"https:\/\/www.asyacenazeisleri.com\/kurumsal\/\"]}]},{\"@type\":\"BreadcrumbList\",\"@id\":\"https:\/\/www.asyacenazeisleri.com\/kurumsal\/#breadcrumb\",\"itemListElement\":[{\"@type\":\"ListItem\",\"position\":1,\"name\":\"Anasayfa\",\"item\":\"https:\/\/www.asyacenazeisleri.com\/\"},{\"@type\":\"ListItem\",\"position\":2,\"name\":\"KURUMSAL\"}]},{\"@type\":\"WebSite\",\"@id\":\"https:\/\/www.asyacenazeisleri.com\/#website\",\"url\":\"https:\/\/www.asyacenazeisleri.com\/\",\"name\":\"Asya Cenaze \u0130\u015fleri\",\"description\":\"\",\"publisher\":{\"@id\":\"https:\/\/www.asyacenazeisleri.com\/#organization\"},\"potentialAction\":[{\"@type\":\"SearchAction\",\"target\":{\"@type\":\"EntryPoint\",\"urlTemplate\":\"https:\/\/www.asyacenazeisleri.com\/?s={search_term_string}\"},\"query-input\":\"required name=search_term_string\"}],\"inLanguage\":\"ar\"},{\"@type\":\"Organization\",\"@id\":\"https:\/\/www.asyacenazeisleri.com\/#organization\",\"name\":\"Asya Cenaze \u0130\u015fleri\",\"url\":\"https:\/\/www.asyacenazeisleri.com\/\",\"logo\":{\"@type\":\"ImageObject\",\"inLanguage\":\"ar\",\"@id\":\"https:\/\/www.asyacenazeisleri.com\/#\/schema\/logo\/image\/\",\"url\":\"https:\/\/www.asyacenazeisleri.com\/wp-content\/uploads\/2022\/01\/Asya-Cenaze-Isleri-Logo-1.png\",\"contentUrl\":\"https:\/\/www.asyacenazeisleri.com\/wp-content\/uploads\/2022\/01\/Asya-Cenaze-Isleri-Logo-1.png\",\"width\":250,\"height\":117,\"caption\":\"Asya Cenaze \u0130\u015fleri\"},\"image\":{\"@id\":\"https:\/\/www.asyacenazeisleri.com\/#\/schema\/logo\/image\/\"}}]}<\/script>\n<!-- \/ Yoast SEO plugin. -->","yoast_head_json":{"title":"KURUMSAL - Asya Cenaze \u0130\u015fleri","robots":{"index":"index","follow":"follow","max-snippet":"max-snippet:-1","max-image-preview":"max-image-preview:large","max-video-preview":"max-video-preview:-1"},"canonical":"https:\/\/www.asyacenazeisleri.com\/kurumsal\/","og_locale":"ar_AR","og_type":"article","og_title":"KURUMSAL - Asya Cenaze \u0130\u015fleri","og_description":"[vc_row][vc_column][\/vc_column][\/vc_row][vc_row][vc_column][vc_column_text] Asya Uluslararas\u0131 Cenaze Hizmetleri \u0130stanbul Taksim de hizmet veren ve d\u00fcnyan\u0131n her k\u00f6\u015fesine cenazeler g\u00f6nderen ve cenazeler kar\u015f\u0131layan konusunda uzman bir firmay\u0131z.Her dine uygun,dini kurallara g\u00f6re,tam donan\u0131ml\u0131 so\u011fuk haval\u0131 ara\u00e7lar\u0131m\u0131z ve konusunda uzman personelimiz ile 7 g\u00fcn 24 saat","og_url":"https:\/\/www.asyacenazeisleri.com\/kurumsal\/","og_site_name":"Asya Cenaze \u0130\u015fleri","article_modified_time":"2022-01-13T18:40:07+00:00","og_image":[{"url":"https:\/\/www.asyacenazeisleri.com\/wp-content\/uploads\/2020\/03\/IMG-20191128-WA0008-225x300.jpg"}],"twitter_card":"summary_large_image","twitter_misc":{"\u0648\u0642\u062a \u0627\u0644\u0642\u0631\u0627\u0621\u0629 \u0627\u0644\u0645\u064f\u0642\u062f\u0651\u0631":"\u062f\u0642\u064a\u0642\u0629 \u0648\u0627\u062d\u062f\u0629"},"schema":{"@context":"https:\/\/schema.org","@graph":[{"@type":"WebPage","@id":"https:\/\/www.asyacenazeisleri.com\/kurumsal\/","url":"https:\/\/www.asyacenazeisleri.com\/kurumsal\/","name":"KURUMSAL - Asya Cenaze \u0130\u015fleri","isPartOf":{"@id":"https:\/\/www.asyacenazeisleri.com\/#website"},"datePublished":"2017-09-30T06:30:59+00:00","dateModified":"2022-01-13T18:40:07+00:00","breadcrumb":{"@id":"https:\/\/www.asyacenazeisleri.com\/kurumsal\/#breadcrumb"},"inLanguage":"ar","potentialAction":[{"@type":"ReadAction","target":["https:\/\/www.asyacenazeisleri.com\/kurumsal\/"]}]},{"@type":"BreadcrumbList","@id":"https:\/\/www.asyacenazeisleri.com\/kurumsal\/#breadcrumb","itemListElement":[{"@type":"ListItem","position":1,"name":"Anasayfa","item":"https:\/\/www.asyacenazeisleri.com\/"},{"@type":"ListItem","position":2,"name":"KURUMSAL"}]},{"@type":"WebSite","@id":"https:\/\/www.asyacenazeisleri.com\/#website","url":"https:\/\/www.asyacenazeisleri.com\/","name":"Asya Cenaze \u0130\u015fleri","description":"","publisher":{"@id":"https:\/\/www.asyacenazeisleri.com\/#organization"},"potentialAction":[{"@type":"SearchAction","target":{"@type":"EntryPoint","urlTemplate":"https:\/\/www.asyacenazeisleri.com\/?s={search_term_string}"},"query-input":"required name=search_term_string"}],"inLanguage":"ar"},{"@type":"Organization","@id":"https:\/\/www.asyacenazeisleri.com\/#organization","name":"Asya Cenaze \u0130\u015fleri","url":"https:\/\/www.asyacenazeisleri.com\/","logo":{"@type":"ImageObject","inLanguage":"ar","@id":"https:\/\/www.asyacenazeisleri.com\/#\/schema\/logo\/image\/","url":"https:\/\/www.asyacenazeisleri.com\/wp-content\/uploads\/2022\/01\/Asya-Cenaze-Isleri-Logo-1.png","contentUrl":"https:\/\/www.asyacenazeisleri.com\/wp-content\/uploads\/2022\/01\/Asya-Cenaze-Isleri-Logo-1.png","width":250,"height":117,"caption":"Asya Cenaze \u0130\u015fleri"},"image":{"@id":"https:\/\/www.asyacenazeisleri.com\/#\/schema\/logo\/image\/"}}]}},"_links":{"self":[{"href":"https:\/\/www.asyacenazeisleri.com\/ar\/wp-json\/wp\/v2\/pages\/684"}],"collection":[{"href":"https:\/\/www.asyacenazeisleri.com\/ar\/wp-json\/wp\/v2\/pages"}],"about":[{"href":"https:\/\/www.asyacenazeisleri.com\/ar\/wp-json\/wp\/v2\/types\/page"}],"author":[{"embeddable":true,"href":"https:\/\/www.asyacenazeisleri.com\/ar\/wp-json\/wp\/v2\/users\/1"}],"replies":[{"embeddable":true,"href":"https:\/\/www.asyacenazeisleri.com\/ar\/wp-json\/wp\/v2\/comments?post=684"}],"version-history":[{"count":5,"href":"https:\/\/www.asyacenazeisleri.com\/ar\/wp-json\/wp\/v2\/pages\/684\/revisions"}],"predecessor-version":[{"id":1561,"href":"https:\/\/www.asyacenazeisleri.com\/ar\/wp-json\/wp\/v2\/pages\/684\/revisions\/1561"}],"wp:attachment":[{"href":"https:\/\/www.asyacenazeisleri.com\/ar\/wp-json\/wp\/v2\/media?parent=684"}],"curies":[{"name":"wp","href":"https:\/\/api.w.org\/{rel}","templated":true}]}}