{"id":703,"date":"2017-09-30T09:04:30","date_gmt":"2017-09-30T09:04:30","guid":{"rendered":"http:\/\/taksimcenazeisleri.com\/?page_id=703"},"modified":"2022-01-05T22:09:09","modified_gmt":"2022-01-05T19:09:09","slug":"referanslarimiz","status":"publish","type":"page","link":"https:\/\/www.asyacenazeisleri.com\/ar\/referanslarimiz\/","title":{"rendered":"Referanslar\u0131m\u0131z"},"content":{"rendered":"<p>[vc_row full_width=&#8221;stretch_row&#8221; css=&#8221;.vc_custom_1506753379120{margin-top: -20px !important;margin-bottom: -10px !important;padding-top: 10px !important;background-color: #2000d8 !important;}&#8221;][vc_column][vc_column_text css=&#8221;.vc_custom_1506762383653{margin-top: 10px !important;margin-bottom: 10px !important;}&#8221;]<\/p>\n<h2><span style=\"color: white;\">REFERANSLARIMIZ<\/span><\/h2>\n<p>[\/vc_column_text][\/vc_column][\/vc_row][vc_row][vc_column][vc_custom_heading text=&#8221;\u00c7al\u0131\u015ft\u0131\u011f\u0131m\u0131z Hastaneler&#8221; google_fonts=&#8221;font_family:Pontano%20Sans%3Aregular|font_style:400%20regular%3A400%3Anormal&#8221;][vc_row_inner][vc_column_inner width=&#8221;1\/4&#8243;][vc_column_text]<\/p>\n<ul class=\"list list-icons list-icons-style-3 list-primary\">\n<li><i class=\"fa fa-check\"><\/i> Medicalpark Hastaneler Grubu<\/li>\n<\/ul>\n<ul class=\"list list-icons list-icons-style-3 list-primary\">\n<li><i class=\"fa fa-check\"><\/i> Memorial Hastaneler Grubu<\/li>\n<\/ul>\n<ul class=\"list list-icons list-icons-style-3 list-primary\">\n<li><i class=\"fa fa-check\"><\/i> Medipol Hastaneler Grubu Kolon<\/li>\n<\/ul>\n<ul class=\"list list-icons list-icons-style-3 list-primary\">\n<li><i class=\"fa fa-check\"><\/i> Hastaneler Grubu \u015eifa Hastaneleri<\/li>\n<\/ul>\n<ul class=\"list list-icons list-icons-style-3 list-primary\">\n<li><i class=\"fa fa-check\"><\/i> Ac\u0131badem Sa\u011fl\u0131k Grubu<\/li>\n<\/ul>\n<ul class=\"list list-icons list-icons-style-3 list-primary\">\n<li><i class=\"fa fa-check\"><\/i> Liv Hospital<\/li>\n<\/ul>\n<p>[\/vc_column_text][\/vc_column_inner][vc_column_inner width=&#8221;1\/4&#8243;][vc_single_image image=&#8221;715&#8243; img_size=&#8221;full&#8221; style=&#8221;vc_box_outline&#8221; border_color=&#8221;sky&#8221; onclick=&#8221;link_image&#8221;][vc_single_image image=&#8221;714&#8243; img_size=&#8221;full&#8221; style=&#8221;vc_box_outline&#8221; border_color=&#8221;sky&#8221; onclick=&#8221;link_image&#8221;][\/vc_column_inner][vc_column_inner width=&#8221;1\/4&#8243;][vc_single_image image=&#8221;713&#8243; img_size=&#8221;full&#8221; style=&#8221;vc_box_outline&#8221; border_color=&#8221;sky&#8221; onclick=&#8221;link_image&#8221;][vc_single_image image=&#8221;716&#8243; img_size=&#8221;full&#8221; style=&#8221;vc_box_outline&#8221; border_color=&#8221;sky&#8221; onclick=&#8221;link_image&#8221;][\/vc_column_inner][vc_column_inner width=&#8221;1\/4&#8243;][vc_single_image image=&#8221;712&#8243; img_size=&#8221;full&#8221; style=&#8221;vc_box_outline&#8221; border_color=&#8221;sky&#8221; onclick=&#8221;link_image&#8221;][vc_single_image image=&#8221;965&#8243; img_size=&#8221;full&#8221; style=&#8221;vc_box_outline&#8221; border_color=&#8221;sky&#8221; onclick=&#8221;link_image&#8221; label=&#8221;&#8221;][\/vc_column_inner][\/vc_row_inner][\/vc_column][\/vc_row]<\/p>\n","protected":false},"excerpt":{"rendered":"<p>[vc_row full_width=&#8221;stretch_row&#8221; css=&#8221;.vc_custom_1506753379120{margin-top: -20px !important;margin-bottom: -10px !important;padding-top: 10px !important;background-color: #2000d8 !important;}&#8221;][vc_column][vc_column_text css=&#8221;.vc_custom_1506762383653{margin-top: 10px !important;margin-bottom: 10px !important;}&#8221;] REFERANSLARIMIZ [\/vc_column_text][\/vc_column][\/vc_row][vc_row][vc_column][vc_custom_heading text=&#8221;\u00c7al\u0131\u015ft\u0131\u011f\u0131m\u0131z Hastaneler&#8221; google_fonts=&#8221;font_family:Pontano%20Sans%3Aregular|font_style:400%20regular%3A400%3Anormal&#8221;][vc_row_inner][vc_column_inner width=&#8221;1\/4&#8243;][vc_column_text] Medicalpark Hastaneler Grubu Memorial Hastaneler Grubu Medipol Hastaneler Grubu Kolon Hastaneler Grubu \u015eifa Hastaneleri Ac\u0131badem Sa\u011fl\u0131k Grubu Liv<\/p>\n","protected":false},"author":1,"featured_media":0,"parent":0,"menu_order":0,"comment_status":"closed","ping_status":"closed","template":"","meta":{"footnotes":"","_joinchat":[]},"yoast_head":"<!-- This site is optimized with the Yoast SEO plugin v21.5 - https:\/\/yoast.com\/wordpress\/plugins\/seo\/ -->\n<title>Referanslar\u0131m\u0131z - Asya Cenaze \u0130\u015fleri<\/title>\n<meta name=\"robots\" content=\"index, follow, max-snippet:-1, max-image-preview:large, max-video-preview:-1\" \/>\n<link rel=\"canonical\" href=\"https:\/\/www.asyacenazeisleri.com\/referanslarimiz\/\" \/>\n<meta property=\"og:locale\" content=\"ar_AR\" \/>\n<meta property=\"og:type\" content=\"article\" \/>\n<meta property=\"og:title\" content=\"Referanslar\u0131m\u0131z - Asya Cenaze \u0130\u015fleri\" \/>\n<meta property=\"og:description\" content=\"[vc_row full_width=&#8221;stretch_row&#8221; css=&#8221;.vc_custom_1506753379120{margin-top: -20px !important;margin-bottom: -10px !important;padding-top: 10px !important;background-color: #2000d8 !important;}&#8221;][vc_column][vc_column_text css=&#8221;.vc_custom_1506762383653{margin-top: 10px !important;margin-bottom: 10px !important;}&#8221;] REFERANSLARIMIZ [\/vc_column_text][\/vc_column][\/vc_row][vc_row][vc_column][vc_custom_heading text=&#8221;\u00c7al\u0131\u015ft\u0131\u011f\u0131m\u0131z Hastaneler&#8221; google_fonts=&#8221;font_family:Pontano%20Sans%3Aregular|font_style:400%20regular%3A400%3Anormal&#8221;][vc_row_inner][vc_column_inner width=&#8221;1\/4&#8243;][vc_column_text] Medicalpark Hastaneler Grubu Memorial Hastaneler Grubu Medipol Hastaneler Grubu Kolon Hastaneler Grubu \u015eifa Hastaneleri Ac\u0131badem Sa\u011fl\u0131k Grubu Liv\" \/>\n<meta property=\"og:url\" content=\"https:\/\/www.asyacenazeisleri.com\/referanslarimiz\/\" \/>\n<meta property=\"og:site_name\" content=\"Asya Cenaze \u0130\u015fleri\" \/>\n<meta property=\"article:modified_time\" content=\"2022-01-05T19:09:09+00:00\" \/>\n<meta name=\"twitter:card\" content=\"summary_large_image\" \/>\n<meta name=\"twitter:label1\" content=\"\u0648\u0642\u062a \u0627\u0644\u0642\u0631\u0627\u0621\u0629 \u0627\u0644\u0645\u064f\u0642\u062f\u0651\u0631\" \/>\n\t<meta name=\"twitter:data1\" content=\"\u062f\u0642\u064a\u0642\u0629 \u0648\u0627\u062d\u062f\u0629\" \/>\n<script type=\"application\/ld+json\" class=\"yoast-schema-graph\">{\"@context\":\"https:\/\/schema.org\",\"@graph\":[{\"@type\":\"WebPage\",\"@id\":\"https:\/\/www.asyacenazeisleri.com\/referanslarimiz\/\",\"url\":\"https:\/\/www.asyacenazeisleri.com\/referanslarimiz\/\",\"name\":\"Referanslar\u0131m\u0131z - Asya Cenaze \u0130\u015fleri\",\"isPartOf\":{\"@id\":\"https:\/\/www.asyacenazeisleri.com\/#website\"},\"datePublished\":\"2017-09-30T09:04:30+00:00\",\"dateModified\":\"2022-01-05T19:09:09+00:00\",\"breadcrumb\":{\"@id\":\"https:\/\/www.asyacenazeisleri.com\/referanslarimiz\/#breadcrumb\"},\"inLanguage\":\"ar\",\"potentialAction\":[{\"@type\":\"ReadAction\",\"target\":[\"https:\/\/www.asyacenazeisleri.com\/referanslarimiz\/\"]}]},{\"@type\":\"BreadcrumbList\",\"@id\":\"https:\/\/www.asyacenazeisleri.com\/referanslarimiz\/#breadcrumb\",\"itemListElement\":[{\"@type\":\"ListItem\",\"position\":1,\"name\":\"Anasayfa\",\"item\":\"https:\/\/www.asyacenazeisleri.com\/\"},{\"@type\":\"ListItem\",\"position\":2,\"name\":\"Referanslar\u0131m\u0131z\"}]},{\"@type\":\"WebSite\",\"@id\":\"https:\/\/www.asyacenazeisleri.com\/#website\",\"url\":\"https:\/\/www.asyacenazeisleri.com\/\",\"name\":\"Asya Cenaze \u0130\u015fleri\",\"description\":\"\",\"publisher\":{\"@id\":\"https:\/\/www.asyacenazeisleri.com\/#organization\"},\"potentialAction\":[{\"@type\":\"SearchAction\",\"target\":{\"@type\":\"EntryPoint\",\"urlTemplate\":\"https:\/\/www.asyacenazeisleri.com\/?s={search_term_string}\"},\"query-input\":\"required name=search_term_string\"}],\"inLanguage\":\"ar\"},{\"@type\":\"Organization\",\"@id\":\"https:\/\/www.asyacenazeisleri.com\/#organization\",\"name\":\"Asya Cenaze \u0130\u015fleri\",\"url\":\"https:\/\/www.asyacenazeisleri.com\/\",\"logo\":{\"@type\":\"ImageObject\",\"inLanguage\":\"ar\",\"@id\":\"https:\/\/www.asyacenazeisleri.com\/#\/schema\/logo\/image\/\",\"url\":\"https:\/\/www.asyacenazeisleri.com\/wp-content\/uploads\/2022\/01\/Asya-Cenaze-Isleri-Logo-1.png\",\"contentUrl\":\"https:\/\/www.asyacenazeisleri.com\/wp-content\/uploads\/2022\/01\/Asya-Cenaze-Isleri-Logo-1.png\",\"width\":250,\"height\":117,\"caption\":\"Asya Cenaze \u0130\u015fleri\"},\"image\":{\"@id\":\"https:\/\/www.asyacenazeisleri.com\/#\/schema\/logo\/image\/\"}}]}<\/script>\n<!-- \/ Yoast SEO plugin. -->","yoast_head_json":{"title":"Referanslar\u0131m\u0131z - Asya Cenaze \u0130\u015fleri","robots":{"index":"index","follow":"follow","max-snippet":"max-snippet:-1","max-image-preview":"max-image-preview:large","max-video-preview":"max-video-preview:-1"},"canonical":"https:\/\/www.asyacenazeisleri.com\/referanslarimiz\/","og_locale":"ar_AR","og_type":"article","og_title":"Referanslar\u0131m\u0131z - Asya Cenaze \u0130\u015fleri","og_description":"[vc_row full_width=&#8221;stretch_row&#8221; css=&#8221;.vc_custom_1506753379120{margin-top: -20px !important;margin-bottom: -10px !important;padding-top: 10px !important;background-color: #2000d8 !important;}&#8221;][vc_column][vc_column_text css=&#8221;.vc_custom_1506762383653{margin-top: 10px !important;margin-bottom: 10px !important;}&#8221;] REFERANSLARIMIZ [\/vc_column_text][\/vc_column][\/vc_row][vc_row][vc_column][vc_custom_heading text=&#8221;\u00c7al\u0131\u015ft\u0131\u011f\u0131m\u0131z Hastaneler&#8221; google_fonts=&#8221;font_family:Pontano%20Sans%3Aregular|font_style:400%20regular%3A400%3Anormal&#8221;][vc_row_inner][vc_column_inner width=&#8221;1\/4&#8243;][vc_column_text] Medicalpark Hastaneler Grubu Memorial Hastaneler Grubu Medipol Hastaneler Grubu Kolon Hastaneler Grubu \u015eifa Hastaneleri Ac\u0131badem Sa\u011fl\u0131k Grubu Liv","og_url":"https:\/\/www.asyacenazeisleri.com\/referanslarimiz\/","og_site_name":"Asya Cenaze \u0130\u015fleri","article_modified_time":"2022-01-05T19:09:09+00:00","twitter_card":"summary_large_image","twitter_misc":{"\u0648\u0642\u062a \u0627\u0644\u0642\u0631\u0627\u0621\u0629 \u0627\u0644\u0645\u064f\u0642\u062f\u0651\u0631":"\u062f\u0642\u064a\u0642\u0629 \u0648\u0627\u062d\u062f\u0629"},"schema":{"@context":"https:\/\/schema.org","@graph":[{"@type":"WebPage","@id":"https:\/\/www.asyacenazeisleri.com\/referanslarimiz\/","url":"https:\/\/www.asyacenazeisleri.com\/referanslarimiz\/","name":"Referanslar\u0131m\u0131z - Asya Cenaze \u0130\u015fleri","isPartOf":{"@id":"https:\/\/www.asyacenazeisleri.com\/#website"},"datePublished":"2017-09-30T09:04:30+00:00","dateModified":"2022-01-05T19:09:09+00:00","breadcrumb":{"@id":"https:\/\/www.asyacenazeisleri.com\/referanslarimiz\/#breadcrumb"},"inLanguage":"ar","potentialAction":[{"@type":"ReadAction","target":["https:\/\/www.asyacenazeisleri.com\/referanslarimiz\/"]}]},{"@type":"BreadcrumbList","@id":"https:\/\/www.asyacenazeisleri.com\/referanslarimiz\/#breadcrumb","itemListElement":[{"@type":"ListItem","position":1,"name":"Anasayfa","item":"https:\/\/www.asyacenazeisleri.com\/"},{"@type":"ListItem","position":2,"name":"Referanslar\u0131m\u0131z"}]},{"@type":"WebSite","@id":"https:\/\/www.asyacenazeisleri.com\/#website","url":"https:\/\/www.asyacenazeisleri.com\/","name":"Asya Cenaze \u0130\u015fleri","description":"","publisher":{"@id":"https:\/\/www.asyacenazeisleri.com\/#organization"},"potentialAction":[{"@type":"SearchAction","target":{"@type":"EntryPoint","urlTemplate":"https:\/\/www.asyacenazeisleri.com\/?s={search_term_string}"},"query-input":"required name=search_term_string"}],"inLanguage":"ar"},{"@type":"Organization","@id":"https:\/\/www.asyacenazeisleri.com\/#organization","name":"Asya Cenaze \u0130\u015fleri","url":"https:\/\/www.asyacenazeisleri.com\/","logo":{"@type":"ImageObject","inLanguage":"ar","@id":"https:\/\/www.asyacenazeisleri.com\/#\/schema\/logo\/image\/","url":"https:\/\/www.asyacenazeisleri.com\/wp-content\/uploads\/2022\/01\/Asya-Cenaze-Isleri-Logo-1.png","contentUrl":"https:\/\/www.asyacenazeisleri.com\/wp-content\/uploads\/2022\/01\/Asya-Cenaze-Isleri-Logo-1.png","width":250,"height":117,"caption":"Asya Cenaze \u0130\u015fleri"},"image":{"@id":"https:\/\/www.asyacenazeisleri.com\/#\/schema\/logo\/image\/"}}]}},"_links":{"self":[{"href":"https:\/\/www.asyacenazeisleri.com\/ar\/wp-json\/wp\/v2\/pages\/703"}],"collection":[{"href":"https:\/\/www.asyacenazeisleri.com\/ar\/wp-json\/wp\/v2\/pages"}],"about":[{"href":"https:\/\/www.asyacenazeisleri.com\/ar\/wp-json\/wp\/v2\/types\/page"}],"author":[{"embeddable":true,"href":"https:\/\/www.asyacenazeisleri.com\/ar\/wp-json\/wp\/v2\/users\/1"}],"replies":[{"embeddable":true,"href":"https:\/\/www.asyacenazeisleri.com\/ar\/wp-json\/wp\/v2\/comments?post=703"}],"version-history":[{"count":2,"href":"https:\/\/www.asyacenazeisleri.com\/ar\/wp-json\/wp\/v2\/pages\/703\/revisions"}],"predecessor-version":[{"id":1489,"href":"https:\/\/www.asyacenazeisleri.com\/ar\/wp-json\/wp\/v2\/pages\/703\/revisions\/1489"}],"wp:attachment":[{"href":"https:\/\/www.asyacenazeisleri.com\/ar\/wp-json\/wp\/v2\/media?parent=703"}],"curies":[{"name":"wp","href":"https:\/\/api.w.org\/{rel}","templated":true}]}}