{"id":729,"date":"2017-10-02T07:48:55","date_gmt":"2017-10-02T07:48:55","guid":{"rendered":"http:\/\/taksimcenazeisleri.com\/?page_id=729"},"modified":"2024-05-07T21:37:59","modified_gmt":"2024-05-07T18:37:59","slug":"hizmetlerimiz","status":"publish","type":"page","link":"https:\/\/www.asyacenazeisleri.com\/ru\/hizmetlerimiz\/","title":{"rendered":"Hizmetlerimiz"},"content":{"rendered":"<p>[vc_row][vc_column][vc_column_text]D\u00fcnyan\u0131n her yerinden g\u00f6nderilen cenazelerin ve gerekli evraklar\u0131n havaalan\u0131ndan al\u0131narak sahibinin istekleri do\u011frultusunda nakli ve defni yap\u0131l\u0131r.<br \/>\nD\u00fcnyan\u0131n her yerine cenaze sahiplerinin iste\u011fi do\u011frultusunda cenazenin haz\u0131rlanmas\u0131 ve b\u00fct\u00fcn resmi i\u015flemlerin yap\u0131larak cenaze transferi yap\u0131l\u0131r.<\/p>\n<h4>Haz\u0131rlanan evraklar<\/h4>\n<ul class=\"list list-icons list-primary\">\n<li><i class=\"fa fa-check\"><\/i> Doktor taraf\u0131ndan d\u00fczenlenen \u00f6l\u00fcm raporunun veya savc\u0131 taraf\u0131ndan d\u00fczenlenen defin ruhsat\u0131n\u0131n ve otopsi raporunun al\u0131nmas\u0131<\/li>\n<\/ul>\n<ul class=\"list list-icons list-primary\">\n<li><i class=\"fa fa-check\"><\/i> Mernis \u00f6l\u00fcm tutana\u011f\u0131n\u0131n al\u0131nmas\u0131<\/li>\n<\/ul>\n<ul class=\"list list-icons list-primary\">\n<li><i class=\"fa fa-check\"><\/i> \u00c7ok dilli \u00f6l\u00fcm tutana\u011f\u0131n\u0131n al\u0131nmas\u0131 (Form\u00fcl C )<\/li>\n<\/ul>\n<ul class=\"list list-icons list-primary\">\n<li><i class=\"fa fa-check\"><\/i> Tahnit Raporu<\/li>\n<\/ul>\n<ul class=\"list list-icons list-primary\">\n<li><i class=\"fa fa-check\"><\/i> Yol izin belgesi<\/li>\n<\/ul>\n<ul class=\"list list-icons list-primary\">\n<li><i class=\"fa fa-check\"><\/i> Kon\u015fimento<\/li>\n<\/ul>\n<ul class=\"list list-icons list-primary\">\n<li><i class=\"fa fa-check\"><\/i> \u00d6l\u00fcm raporunun noter tasdikli \u00e7evirisi<\/li>\n<\/ul>\n<ul class=\"list list-icons list-primary\">\n<li><i class=\"fa fa-check\"><\/i> G\u00fcmr\u00fck evraklar\u0131<\/li>\n<\/ul>\n<p>[\/vc_column_text][\/vc_column][\/vc_row][vc_row][vc_column width=&#8221;1\/4&#8243;][vc_custom_heading text=&#8221;<u>TABUT<\/u>&#8221; font_container=&#8221;tag:h4|text_align:left&#8221; google_fonts=&#8221;font_family:Quicksand%3A300%2Cregular%2C700|font_style:700%20bold%20regular%3A700%3Anormal&#8221;][vc_column_text]Uluslararas\u0131 u\u00e7u\u015f kurallar\u0131na uygun i\u00e7i \u00e7inkolu tabut[\/vc_column_text][\/vc_column][vc_column width=&#8221;1\/4&#8243;][vc_custom_heading text=&#8221;<u>CENAZE NAK\u0130L ARACI<\/u>&#8221; font_container=&#8221;tag:h4|text_align:left&#8221; google_fonts=&#8221;font_family:Quicksand%3A300%2Cregular%2C700|font_style:700%20bold%20regular%3A700%3Anormal&#8221;][vc_column_text]So\u011fuk haval\u0131 ve karayollar\u0131 ta\u015f\u0131mac\u0131l\u0131\u011f\u0131na uygun cenaze nakil arac\u0131[\/vc_column_text][\/vc_column][vc_column width=&#8221;1\/4&#8243;][vc_custom_heading text=&#8221;<u>\u00c7EV\u0130R\u0130LER<\/u>&#8221; font_container=&#8221;tag:h4|text_align:left&#8221; google_fonts=&#8221;font_family:Quicksand%3A300%2Cregular%2C700|font_style:700%20bold%20regular%3A700%3Anormal&#8221;][vc_column_text]Resmi belgeler sertifikal\u0131 \/ yetkili terc\u00fcmanlar taraf\u0131ndan terc\u00fcme ve noter tastik apostil ve ilgili konsolosluklar\u0131 taraf\u0131ndan onaylan\u0131r.[\/vc_column_text][\/vc_column][vc_column width=&#8221;1\/4&#8243;][vc_custom_heading text=&#8221;<u>G\u00dcMR\u00dcK<\/u>&#8221; font_container=&#8221;tag:h4|text_align:left&#8221; google_fonts=&#8221;font_family:Quicksand%3A300%2Cregular%2C700|font_style:700%20bold%20regular%3A700%3Anormal&#8221;][vc_column_text]Yetki Belgeli g\u00fcmr\u00fck firmalar\u0131 arac\u0131l\u0131\u011f\u0131 ile g\u00fcmr\u00fck i\u015flemleri yap\u0131l\u0131r.<br \/>\n[\/vc_column_text][\/vc_column][\/vc_row]<\/p>\n","protected":false},"excerpt":{"rendered":"<p>[vc_row][vc_column][vc_column_text]D\u00fcnyan\u0131n her yerinden g\u00f6nderilen cenazelerin ve gerekli evraklar\u0131n havaalan\u0131ndan al\u0131narak sahibinin istekleri do\u011frultusunda nakli ve defni yap\u0131l\u0131r. D\u00fcnyan\u0131n her yerine cenaze sahiplerinin iste\u011fi do\u011frultusunda cenazenin haz\u0131rlanmas\u0131 ve b\u00fct\u00fcn resmi i\u015flemlerin yap\u0131larak cenaze transferi yap\u0131l\u0131r. Haz\u0131rlanan evraklar Doktor taraf\u0131ndan d\u00fczenlenen \u00f6l\u00fcm<\/p>\n","protected":false},"author":1,"featured_media":0,"parent":0,"menu_order":0,"comment_status":"closed","ping_status":"closed","template":"","meta":{"footnotes":"","_joinchat":[]},"yoast_head":"<!-- This site is optimized with the Yoast SEO plugin v21.5 - https:\/\/yoast.com\/wordpress\/plugins\/seo\/ -->\n<title>Hizmetlerimiz - Asya Cenaze \u0130\u015fleri<\/title>\n<meta name=\"robots\" content=\"index, follow, max-snippet:-1, max-image-preview:large, max-video-preview:-1\" \/>\n<link rel=\"canonical\" href=\"https:\/\/www.asyacenazeisleri.com\/hizmetlerimiz\/\" \/>\n<meta property=\"og:locale\" content=\"ru_RU\" \/>\n<meta property=\"og:type\" content=\"article\" \/>\n<meta property=\"og:title\" content=\"Hizmetlerimiz - Asya Cenaze \u0130\u015fleri\" \/>\n<meta property=\"og:description\" content=\"[vc_row][vc_column][vc_column_text]D\u00fcnyan\u0131n her yerinden g\u00f6nderilen cenazelerin ve gerekli evraklar\u0131n havaalan\u0131ndan al\u0131narak sahibinin istekleri do\u011frultusunda nakli ve defni yap\u0131l\u0131r. D\u00fcnyan\u0131n her yerine cenaze sahiplerinin iste\u011fi do\u011frultusunda cenazenin haz\u0131rlanmas\u0131 ve b\u00fct\u00fcn resmi i\u015flemlerin yap\u0131larak cenaze transferi yap\u0131l\u0131r. Haz\u0131rlanan evraklar Doktor taraf\u0131ndan d\u00fczenlenen \u00f6l\u00fcm\" \/>\n<meta property=\"og:url\" content=\"https:\/\/www.asyacenazeisleri.com\/hizmetlerimiz\/\" \/>\n<meta property=\"og:site_name\" content=\"Asya Cenaze \u0130\u015fleri\" \/>\n<meta property=\"article:modified_time\" content=\"2024-05-07T18:37:59+00:00\" \/>\n<meta name=\"twitter:card\" content=\"summary_large_image\" \/>\n<meta name=\"twitter:label1\" content=\"\u041f\u0440\u0438\u043c\u0435\u0440\u043d\u043e\u0435 \u0432\u0440\u0435\u043c\u044f \u0434\u043b\u044f \u0447\u0442\u0435\u043d\u0438\u044f\" \/>\n\t<meta name=\"twitter:data1\" content=\"1 \u043c\u0438\u043d\u0443\u0442\u0430\" \/>\n<script type=\"application\/ld+json\" class=\"yoast-schema-graph\">{\"@context\":\"https:\/\/schema.org\",\"@graph\":[{\"@type\":\"WebPage\",\"@id\":\"https:\/\/www.asyacenazeisleri.com\/hizmetlerimiz\/\",\"url\":\"https:\/\/www.asyacenazeisleri.com\/hizmetlerimiz\/\",\"name\":\"Hizmetlerimiz - Asya Cenaze \u0130\u015fleri\",\"isPartOf\":{\"@id\":\"https:\/\/www.asyacenazeisleri.com\/#website\"},\"datePublished\":\"2017-10-02T07:48:55+00:00\",\"dateModified\":\"2024-05-07T18:37:59+00:00\",\"breadcrumb\":{\"@id\":\"https:\/\/www.asyacenazeisleri.com\/hizmetlerimiz\/#breadcrumb\"},\"inLanguage\":\"ru-RU\",\"potentialAction\":[{\"@type\":\"ReadAction\",\"target\":[\"https:\/\/www.asyacenazeisleri.com\/hizmetlerimiz\/\"]}]},{\"@type\":\"BreadcrumbList\",\"@id\":\"https:\/\/www.asyacenazeisleri.com\/hizmetlerimiz\/#breadcrumb\",\"itemListElement\":[{\"@type\":\"ListItem\",\"position\":1,\"name\":\"Anasayfa\",\"item\":\"https:\/\/www.asyacenazeisleri.com\/\"},{\"@type\":\"ListItem\",\"position\":2,\"name\":\"Hizmetlerimiz\"}]},{\"@type\":\"WebSite\",\"@id\":\"https:\/\/www.asyacenazeisleri.com\/#website\",\"url\":\"https:\/\/www.asyacenazeisleri.com\/\",\"name\":\"Asya Cenaze \u0130\u015fleri\",\"description\":\"\",\"publisher\":{\"@id\":\"https:\/\/www.asyacenazeisleri.com\/#organization\"},\"potentialAction\":[{\"@type\":\"SearchAction\",\"target\":{\"@type\":\"EntryPoint\",\"urlTemplate\":\"https:\/\/www.asyacenazeisleri.com\/?s={search_term_string}\"},\"query-input\":\"required name=search_term_string\"}],\"inLanguage\":\"ru-RU\"},{\"@type\":\"Organization\",\"@id\":\"https:\/\/www.asyacenazeisleri.com\/#organization\",\"name\":\"Asya Cenaze \u0130\u015fleri\",\"url\":\"https:\/\/www.asyacenazeisleri.com\/\",\"logo\":{\"@type\":\"ImageObject\",\"inLanguage\":\"ru-RU\",\"@id\":\"https:\/\/www.asyacenazeisleri.com\/#\/schema\/logo\/image\/\",\"url\":\"https:\/\/www.asyacenazeisleri.com\/wp-content\/uploads\/2022\/01\/Asya-Cenaze-Isleri-Logo-1.png\",\"contentUrl\":\"https:\/\/www.asyacenazeisleri.com\/wp-content\/uploads\/2022\/01\/Asya-Cenaze-Isleri-Logo-1.png\",\"width\":250,\"height\":117,\"caption\":\"Asya Cenaze \u0130\u015fleri\"},\"image\":{\"@id\":\"https:\/\/www.asyacenazeisleri.com\/#\/schema\/logo\/image\/\"}}]}<\/script>\n<!-- \/ Yoast SEO plugin. -->","yoast_head_json":{"title":"Hizmetlerimiz - Asya Cenaze \u0130\u015fleri","robots":{"index":"index","follow":"follow","max-snippet":"max-snippet:-1","max-image-preview":"max-image-preview:large","max-video-preview":"max-video-preview:-1"},"canonical":"https:\/\/www.asyacenazeisleri.com\/hizmetlerimiz\/","og_locale":"ru_RU","og_type":"article","og_title":"Hizmetlerimiz - Asya Cenaze \u0130\u015fleri","og_description":"[vc_row][vc_column][vc_column_text]D\u00fcnyan\u0131n her yerinden g\u00f6nderilen cenazelerin ve gerekli evraklar\u0131n havaalan\u0131ndan al\u0131narak sahibinin istekleri do\u011frultusunda nakli ve defni yap\u0131l\u0131r. D\u00fcnyan\u0131n her yerine cenaze sahiplerinin iste\u011fi do\u011frultusunda cenazenin haz\u0131rlanmas\u0131 ve b\u00fct\u00fcn resmi i\u015flemlerin yap\u0131larak cenaze transferi yap\u0131l\u0131r. Haz\u0131rlanan evraklar Doktor taraf\u0131ndan d\u00fczenlenen \u00f6l\u00fcm","og_url":"https:\/\/www.asyacenazeisleri.com\/hizmetlerimiz\/","og_site_name":"Asya Cenaze \u0130\u015fleri","article_modified_time":"2024-05-07T18:37:59+00:00","twitter_card":"summary_large_image","twitter_misc":{"\u041f\u0440\u0438\u043c\u0435\u0440\u043d\u043e\u0435 \u0432\u0440\u0435\u043c\u044f \u0434\u043b\u044f \u0447\u0442\u0435\u043d\u0438\u044f":"1 \u043c\u0438\u043d\u0443\u0442\u0430"},"schema":{"@context":"https:\/\/schema.org","@graph":[{"@type":"WebPage","@id":"https:\/\/www.asyacenazeisleri.com\/hizmetlerimiz\/","url":"https:\/\/www.asyacenazeisleri.com\/hizmetlerimiz\/","name":"Hizmetlerimiz - Asya Cenaze \u0130\u015fleri","isPartOf":{"@id":"https:\/\/www.asyacenazeisleri.com\/#website"},"datePublished":"2017-10-02T07:48:55+00:00","dateModified":"2024-05-07T18:37:59+00:00","breadcrumb":{"@id":"https:\/\/www.asyacenazeisleri.com\/hizmetlerimiz\/#breadcrumb"},"inLanguage":"ru-RU","potentialAction":[{"@type":"ReadAction","target":["https:\/\/www.asyacenazeisleri.com\/hizmetlerimiz\/"]}]},{"@type":"BreadcrumbList","@id":"https:\/\/www.asyacenazeisleri.com\/hizmetlerimiz\/#breadcrumb","itemListElement":[{"@type":"ListItem","position":1,"name":"Anasayfa","item":"https:\/\/www.asyacenazeisleri.com\/"},{"@type":"ListItem","position":2,"name":"Hizmetlerimiz"}]},{"@type":"WebSite","@id":"https:\/\/www.asyacenazeisleri.com\/#website","url":"https:\/\/www.asyacenazeisleri.com\/","name":"Asya Cenaze \u0130\u015fleri","description":"","publisher":{"@id":"https:\/\/www.asyacenazeisleri.com\/#organization"},"potentialAction":[{"@type":"SearchAction","target":{"@type":"EntryPoint","urlTemplate":"https:\/\/www.asyacenazeisleri.com\/?s={search_term_string}"},"query-input":"required name=search_term_string"}],"inLanguage":"ru-RU"},{"@type":"Organization","@id":"https:\/\/www.asyacenazeisleri.com\/#organization","name":"Asya Cenaze \u0130\u015fleri","url":"https:\/\/www.asyacenazeisleri.com\/","logo":{"@type":"ImageObject","inLanguage":"ru-RU","@id":"https:\/\/www.asyacenazeisleri.com\/#\/schema\/logo\/image\/","url":"https:\/\/www.asyacenazeisleri.com\/wp-content\/uploads\/2022\/01\/Asya-Cenaze-Isleri-Logo-1.png","contentUrl":"https:\/\/www.asyacenazeisleri.com\/wp-content\/uploads\/2022\/01\/Asya-Cenaze-Isleri-Logo-1.png","width":250,"height":117,"caption":"Asya Cenaze \u0130\u015fleri"},"image":{"@id":"https:\/\/www.asyacenazeisleri.com\/#\/schema\/logo\/image\/"}}]}},"_links":{"self":[{"href":"https:\/\/www.asyacenazeisleri.com\/ru\/wp-json\/wp\/v2\/pages\/729"}],"collection":[{"href":"https:\/\/www.asyacenazeisleri.com\/ru\/wp-json\/wp\/v2\/pages"}],"about":[{"href":"https:\/\/www.asyacenazeisleri.com\/ru\/wp-json\/wp\/v2\/types\/page"}],"author":[{"embeddable":true,"href":"https:\/\/www.asyacenazeisleri.com\/ru\/wp-json\/wp\/v2\/users\/1"}],"replies":[{"embeddable":true,"href":"https:\/\/www.asyacenazeisleri.com\/ru\/wp-json\/wp\/v2\/comments?post=729"}],"version-history":[{"count":4,"href":"https:\/\/www.asyacenazeisleri.com\/ru\/wp-json\/wp\/v2\/pages\/729\/revisions"}],"predecessor-version":[{"id":1679,"href":"https:\/\/www.asyacenazeisleri.com\/ru\/wp-json\/wp\/v2\/pages\/729\/revisions\/1679"}],"wp:attachment":[{"href":"https:\/\/www.asyacenazeisleri.com\/ru\/wp-json\/wp\/v2\/media?parent=729"}],"curies":[{"name":"wp","href":"https:\/\/api.w.org\/{rel}","templated":true}]}}